{"id":242,"date":"2024-08-28T08:50:57","date_gmt":"2024-08-28T06:50:57","guid":{"rendered":"https:\/\/sml-studio.org\/?page_id=242"},"modified":"2026-02-10T13:57:48","modified_gmt":"2026-02-10T11:57:48","slug":"projects","status":"publish","type":"page","link":"https:\/\/sml-studio.org\/en\/projects\/","title":{"rendered":"Projects"},"content":{"rendered":"\t\t<div data-elementor-type=\"wp-page\" data-elementor-id=\"242\" class=\"elementor elementor-242\" data-elementor-post-type=\"page\">\n\t\t\t\t<div class=\"elementor-element elementor-element-e787915 e-con-full e-flex e-con e-parent\" data-id=\"e787915\" data-element_type=\"container\" data-e-type=\"container\">\n\t\t<div class=\"elementor-element elementor-element-6dc888b e-con-full e-flex e-con e-child\" data-id=\"6dc888b\" data-element_type=\"container\" data-e-type=\"container\">\n\t\t<div class=\"elementor-element elementor-element-8dbc0c0 e-con-full e-flex e-con e-child\" data-id=\"8dbc0c0\" data-element_type=\"container\" data-e-type=\"container\">\n\t\t\t\t<div class=\"elementor-element elementor-element-8c6c48d elementor-widget elementor-widget-heading\" data-id=\"8c6c48d\" data-element_type=\"widget\" data-e-type=\"widget\" data-widget_type=\"heading.default\">\n\t\t\t\t<div class=\"elementor-widget-container\">\n\t\t\t\t\t<h1 class=\"elementor-heading-title elementor-size-default\">Na\u0161i<\/h1>\t\t\t\t<\/div>\n\t\t\t\t<\/div>\n\t\t\t\t<div class=\"elementor-element elementor-element-4f55a69 elementor-widget elementor-widget-heading\" data-id=\"4f55a69\" data-element_type=\"widget\" data-e-type=\"widget\" data-widget_type=\"heading.default\">\n\t\t\t\t<div class=\"elementor-widget-container\">\n\t\t\t\t\t<h2 class=\"elementor-heading-title elementor-size-default\">projekti<\/h2>\t\t\t\t<\/div>\n\t\t\t\t<\/div>\n\t\t\t\t<div class=\"elementor-element elementor-element-7694576 elementor-widget elementor-widget-text-editor\" data-id=\"7694576\" data-element_type=\"widget\" data-e-type=\"widget\" data-widget_type=\"text-editor.default\">\n\t\t\t\t<div class=\"elementor-widget-container\">\n\t\t\t\t\t\t\t\t\t<p>Z zanosom in predanostjo ustvarjamo digitalne re\u0161itve, ki so prilagojene specifi\u010dnim potrebam na\u0161ih strank. Vsak projekt, ki ga sprejmemo, je prilo\u017enost za inovacije, izbolj\u0161anje uporabni\u0161ke izku\u0161nje in ustvarjanje tehnolo\u0161kih re\u0161itev, ki so u\u010dinkovite, zanesljive in estetsko dovr\u0161ene. Od preprostih spletnih strani do kompleksnih aplikacij &#8211; vsak na\u0161 izdelek je rezultat tesnega sodelovanja z naro\u010dnikom, strate\u0161kega na\u010drtovanja in tehni\u010dne odli\u010dnosti.<\/p>\t\t\t\t\t\t\t\t<\/div>\n\t\t\t\t<\/div>\n\t\t\t\t<\/div>\n\t\t\t\t<\/div>\n\t\t<div class=\"elementor-element elementor-element-957dded e-con-full e-flex e-con e-child\" data-id=\"957dded\" data-element_type=\"container\" data-e-type=\"container\">\n\t\t\t\t<div class=\"elementor-element elementor-element-914f7e8 elementor-widget elementor-widget-image\" data-id=\"914f7e8\" data-element_type=\"widget\" data-e-type=\"widget\" data-widget_type=\"image.default\">\n\t\t\t\t<div class=\"elementor-widget-container\">\n\t\t\t\t\t\t\t\t\t\t\t\t\t\t\t<img fetchpriority=\"high\" decoding=\"async\" width=\"803\" height=\"793\" src=\"https:\/\/sml-studio.org\/wp-content\/uploads\/2024\/07\/banner-bg.webp\" class=\"attachment-full size-full wp-image-60\" alt=\"Programske re\u0161itve, Profesionalna IT podpora\" srcset=\"https:\/\/sml-studio.org\/wp-content\/uploads\/2024\/07\/banner-bg.webp 803w, https:\/\/sml-studio.org\/wp-content\/uploads\/2024\/07\/banner-bg-300x296.webp 300w, https:\/\/sml-studio.org\/wp-content\/uploads\/2024\/07\/banner-bg-768x758.webp 768w\" sizes=\"(max-width: 803px) 100vw, 803px\" \/>\t\t\t\t\t\t\t\t\t\t\t\t\t\t\t<\/div>\n\t\t\t\t<\/div>\n\t\t\t\t<\/div>\n\t\t\t\t<\/div>\n\t\t<div class=\"elementor-element elementor-element-b0419d5 e-con-full e-flex e-con e-parent\" data-id=\"b0419d5\" data-element_type=\"container\" data-e-type=\"container\" data-settings=\"{&quot;background_background&quot;:&quot;classic&quot;}\">\n\t\t\t\t<div class=\"elementor-element elementor-element-37dffc1 elementor-widget elementor-widget-taxonomy-filter\" data-id=\"37dffc1\" data-element_type=\"widget\" data-e-type=\"widget\" data-settings=\"{&quot;selected_element&quot;:&quot;66be9b8&quot;,&quot;taxonomy&quot;:&quot;category&quot;,&quot;multiple_selection&quot;:&quot;no&quot;,&quot;horizontal_scroll&quot;:&quot;disable&quot;}\" data-widget_type=\"taxonomy-filter.default\">\n\t\t\t\t<div class=\"elementor-widget-container\">\n\t\t\t\t\t\t\t<search class=\"e-filter\" role=\"search\" data-base-url=\"https:\/\/sml-studio.org\/en\/\" data-page-num=\"1\">\n\t\t\t\t\t\t\t<button class=\"e-filter-item\" data-filter=\"mobile_apps\" aria-pressed=\"false\">Android\/iOS aplikacije<\/button>\n\t\t\t\t\t\t\t<button class=\"e-filter-item\" data-filter=\"web_apps\" aria-pressed=\"false\">Spletne aplikacije<\/button>\n\t\t\t\t\t\t\t<button class=\"e-filter-item\" data-filter=\"web_page\" aria-pressed=\"false\">Spletne strani<\/button>\n\t\t\t\t\t\t\t<button class=\"e-filter-item\" data-filter=\"desktop_apps\" aria-pressed=\"false\">Windows aplikacije<\/button>\n\t\t\t\n\t\t\t\t\t\t\t\t\t<button class=\"e-filter-item\" data-filter=\"__all\" aria-pressed=\"true\">\n\t\t\t\tAll\t\t\t<\/button>\n\t\t\t\t\t<\/search>\n\t\t\t\t\t\t<\/div>\n\t\t\t\t<\/div>\n\t\t\t\t<\/div>\n\t\t<div class=\"elementor-element elementor-element-c0973e7 e-flex e-con-boxed e-con e-parent\" data-id=\"c0973e7\" data-element_type=\"container\" data-e-type=\"container\">\n\t\t\t\t\t<div class=\"e-con-inner\">\n\t\t\t\t<div class=\"elementor-element elementor-element-66be9b8 elementor-grid-3 elementor-grid-tablet-2 elementor-grid-mobile-1 elementor-widget elementor-widget-loop-grid\" data-id=\"66be9b8\" data-element_type=\"widget\" data-e-type=\"widget\" data-settings=\"{&quot;template_id&quot;:&quot;262&quot;,&quot;pagination_type&quot;:&quot;load_more_infinite_scroll&quot;,&quot;_skin&quot;:&quot;post&quot;,&quot;columns&quot;:&quot;3&quot;,&quot;columns_tablet&quot;:&quot;2&quot;,&quot;columns_mobile&quot;:&quot;1&quot;,&quot;edit_handle_selector&quot;:&quot;[data-elementor-type=\\&quot;loop-item\\&quot;]&quot;,&quot;load_more_spinner&quot;:{&quot;value&quot;:&quot;fas fa-spinner&quot;,&quot;library&quot;:&quot;fa-solid&quot;},&quot;row_gap&quot;:{&quot;unit&quot;:&quot;px&quot;,&quot;size&quot;:&quot;&quot;,&quot;sizes&quot;:[]},&quot;row_gap_tablet&quot;:{&quot;unit&quot;:&quot;px&quot;,&quot;size&quot;:&quot;&quot;,&quot;sizes&quot;:[]},&quot;row_gap_mobile&quot;:{&quot;unit&quot;:&quot;px&quot;,&quot;size&quot;:&quot;&quot;,&quot;sizes&quot;:[]}}\" data-widget_type=\"loop-grid.post\">\n\t\t\t\t<div class=\"elementor-widget-container\">\n\t\t\t\t\t\t\t<div class=\"elementor-loop-container elementor-grid\">\n\t\t<style id=\"loop-262\">.elementor-262 .elementor-element.elementor-element-af6f8ee{--display:flex;--flex-direction:column;--container-widget-width:100%;--container-widget-height:initial;--container-widget-flex-grow:0;--container-widget-align-self:initial;--flex-wrap-mobile:wrap;--gap:0px 0px;--row-gap:0px;--column-gap:0px;--margin-top:0px;--margin-bottom:0px;--margin-left:0px;--margin-right:0px;--padding-top:0px;--padding-bottom:0px;--padding-left:0px;--padding-right:0px;}.elementor-widget-image .widget-image-caption{color:var( --e-global-color-text );font-family:var( --e-global-typography-text-font-family ), Sans-serif;font-weight:var( --e-global-typography-text-font-weight );}.elementor-262 .elementor-element.elementor-element-0fc1e49 > .elementor-widget-container{margin:0px 0px 0px 0px;padding:0px 0px 0px 0px;}.elementor-262 .elementor-element.elementor-element-0fc1e49{width:100%;max-width:100%;}.elementor-widget-heading .elementor-heading-title{font-family:var( --e-global-typography-primary-font-family ), Sans-serif;font-weight:var( --e-global-typography-primary-font-weight );color:var( --e-global-color-primary );}.elementor-262 .elementor-element.elementor-element-0c364b5{text-align:center;}.elementor-262 .elementor-element.elementor-element-0c364b5 .elementor-heading-title{color:#FFFFFF;}.elementor-262 .elementor-element.elementor-element-0c364b5 > .elementor-widget-container{padding:15px 15px 15px 15px;background-color:#0598F6;border-radius:0px 0px 10px 10px;}<\/style>\t\t<div data-elementor-type=\"loop-item\" data-elementor-id=\"262\" class=\"elementor elementor-262 e-loop-item e-loop-item-1001 post-1001 post type-post status-publish format-standard has-post-thumbnail hentry category-web_apps\" data-elementor-post-type=\"elementor_library\" data-custom-edit-handle=\"1\">\n\t\t\t<div class=\"elementor-element elementor-element-af6f8ee e-flex e-con-boxed e-con e-parent\" data-id=\"af6f8ee\" data-element_type=\"container\" data-e-type=\"container\">\n\t\t\t\t\t<div class=\"e-con-inner\">\n\t\t\t\t<div class=\"elementor-element elementor-element-0fc1e49 elementor-widget__width-inherit elementor-widget elementor-widget-image\" data-id=\"0fc1e49\" data-element_type=\"widget\" data-e-type=\"widget\" data-widget_type=\"image.default\">\n\t\t\t\t<div class=\"elementor-widget-container\">\n\t\t\t\t\t\t\t\t\t\t\t\t\t\t\t\t<a href=\"https:\/\/sml-studio.org\/en\/mini-erp-za-proizvodnjo\/\">\n\t\t\t\t\t\t\t<img decoding=\"async\" src=\"https:\/\/sml-studio.org\/wp-content\/uploads\/elementor\/thumbs\/proizvodnja-dash-rjaddn3f1waqqyrbpl3dzczn1hracezz5ksuoiupx4.png\" title=\"proizvodnja-dash\" alt=\"proizvodnja-dash\" loading=\"lazy\" \/>\t\t\t\t\t\t\t\t<\/a>\n\t\t\t\t\t\t\t\t\t\t\t\t\t\t\t<\/div>\n\t\t\t\t<\/div>\n\t\t\t\t<div class=\"elementor-element elementor-element-0c364b5 elementor-widget elementor-widget-heading\" data-id=\"0c364b5\" data-element_type=\"widget\" data-e-type=\"widget\" data-widget_type=\"heading.default\">\n\t\t\t\t<div class=\"elementor-widget-container\">\n\t\t\t\t\t<h2 class=\"elementor-heading-title elementor-size-default\"><a href=\"https:\/\/sml-studio.org\/en\/mini-erp-za-proizvodnjo\/\">Mini ERP - Proizvodnja<\/a><\/h2>\t\t\t\t<\/div>\n\t\t\t\t<\/div>\n\t\t\t\t\t<\/div>\n\t\t\t\t<\/div>\n\t\t\t\t<\/div>\n\t\t\t\t<div data-elementor-type=\"loop-item\" data-elementor-id=\"262\" class=\"elementor elementor-262 e-loop-item e-loop-item-989 post-989 post type-post status-publish format-standard has-post-thumbnail hentry category-web_apps\" data-elementor-post-type=\"elementor_library\" data-custom-edit-handle=\"1\">\n\t\t\t<div class=\"elementor-element elementor-element-af6f8ee e-flex e-con-boxed e-con e-parent\" data-id=\"af6f8ee\" data-element_type=\"container\" data-e-type=\"container\">\n\t\t\t\t\t<div class=\"e-con-inner\">\n\t\t\t\t<div class=\"elementor-element elementor-element-0fc1e49 elementor-widget__width-inherit elementor-widget elementor-widget-image\" data-id=\"0fc1e49\" data-element_type=\"widget\" data-e-type=\"widget\" data-widget_type=\"image.default\">\n\t\t\t\t<div class=\"elementor-widget-container\">\n\t\t\t\t\t\t\t\t\t\t\t\t\t\t\t\t<a href=\"https:\/\/sml-studio.org\/en\/spletna-aplikacija-za-podjetja-s-podrocja-prezracevanja\/\">\n\t\t\t\t\t\t\t<img decoding=\"async\" src=\"https:\/\/sml-studio.org\/wp-content\/uploads\/elementor\/thumbs\/klima-dashboard-rjaa2g66f74sj1w4pkbhaxsf9j8pa4tb3mpawdkwxk.png\" title=\"klima-dashboard\" alt=\"klima-dashboard\" loading=\"lazy\" \/>\t\t\t\t\t\t\t\t<\/a>\n\t\t\t\t\t\t\t\t\t\t\t\t\t\t\t<\/div>\n\t\t\t\t<\/div>\n\t\t\t\t<div class=\"elementor-element elementor-element-0c364b5 elementor-widget elementor-widget-heading\" data-id=\"0c364b5\" data-element_type=\"widget\" data-e-type=\"widget\" data-widget_type=\"heading.default\">\n\t\t\t\t<div class=\"elementor-widget-container\">\n\t\t\t\t\t<h2 class=\"elementor-heading-title elementor-size-default\"><a href=\"https:\/\/sml-studio.org\/en\/spletna-aplikacija-za-podjetja-s-podrocja-prezracevanja\/\">ERP - Prezra\u010devanje<\/a><\/h2>\t\t\t\t<\/div>\n\t\t\t\t<\/div>\n\t\t\t\t\t<\/div>\n\t\t\t\t<\/div>\n\t\t\t\t<\/div>\n\t\t\t\t<div data-elementor-type=\"loop-item\" data-elementor-id=\"262\" class=\"elementor elementor-262 e-loop-item e-loop-item-403 post-403 post type-post status-publish format-standard has-post-thumbnail hentry category-web_page\" data-elementor-post-type=\"elementor_library\" data-custom-edit-handle=\"1\">\n\t\t\t<div class=\"elementor-element elementor-element-af6f8ee e-flex e-con-boxed e-con e-parent\" data-id=\"af6f8ee\" data-element_type=\"container\" data-e-type=\"container\">\n\t\t\t\t\t<div class=\"e-con-inner\">\n\t\t\t\t<div class=\"elementor-element elementor-element-0fc1e49 elementor-widget__width-inherit elementor-widget elementor-widget-image\" data-id=\"0fc1e49\" data-element_type=\"widget\" data-e-type=\"widget\" data-widget_type=\"image.default\">\n\t\t\t\t<div class=\"elementor-widget-container\">\n\t\t\t\t\t\t\t\t\t\t\t\t\t\t\t\t<a href=\"https:\/\/sml-studio.org\/en\/webiste-ajeto\/\">\n\t\t\t\t\t\t\t<img decoding=\"async\" src=\"https:\/\/sml-studio.org\/wp-content\/uploads\/elementor\/thumbs\/Snimka-ekrana-2024-08-28-11.49.20-qt9ovtgs5exnhb6dza759cbau2rsgnzlj7lvgckb08.png\" title=\"Snimka ekrana 2024-08-28, 11.49.20\" alt=\"AJE-TO - Home\" loading=\"lazy\" \/>\t\t\t\t\t\t\t\t<\/a>\n\t\t\t\t\t\t\t\t\t\t\t\t\t\t\t<\/div>\n\t\t\t\t<\/div>\n\t\t\t\t<div class=\"elementor-element elementor-element-0c364b5 elementor-widget elementor-widget-heading\" data-id=\"0c364b5\" data-element_type=\"widget\" data-e-type=\"widget\" data-widget_type=\"heading.default\">\n\t\t\t\t<div class=\"elementor-widget-container\">\n\t\t\t\t\t<h2 class=\"elementor-heading-title elementor-size-default\"><a href=\"https:\/\/sml-studio.org\/en\/webiste-ajeto\/\">AjeTo<\/a><\/h2>\t\t\t\t<\/div>\n\t\t\t\t<\/div>\n\t\t\t\t\t<\/div>\n\t\t\t\t<\/div>\n\t\t\t\t<\/div>\n\t\t\t\t<div data-elementor-type=\"loop-item\" data-elementor-id=\"262\" class=\"elementor elementor-262 e-loop-item e-loop-item-396 post-396 post type-post status-publish format-standard has-post-thumbnail hentry category-web_page\" data-elementor-post-type=\"elementor_library\" data-custom-edit-handle=\"1\">\n\t\t\t<div class=\"elementor-element elementor-element-af6f8ee e-flex e-con-boxed e-con e-parent\" data-id=\"af6f8ee\" data-element_type=\"container\" data-e-type=\"container\">\n\t\t\t\t\t<div class=\"e-con-inner\">\n\t\t\t\t<div class=\"elementor-element elementor-element-0fc1e49 elementor-widget__width-inherit elementor-widget elementor-widget-image\" data-id=\"0fc1e49\" data-element_type=\"widget\" data-e-type=\"widget\" data-widget_type=\"image.default\">\n\t\t\t\t<div class=\"elementor-widget-container\">\n\t\t\t\t\t\t\t\t\t\t\t\t\t\t\t\t<a href=\"https:\/\/sml-studio.org\/en\/web-platform-zdss\/\">\n\t\t\t\t\t\t\t<img decoding=\"async\" src=\"https:\/\/sml-studio.org\/wp-content\/uploads\/elementor\/thumbs\/Snimka-ekrana-2024-08-28-10.48.28-qt9oqq694pyqlckmpkyw94kezxv7rorxu0e6ve42pk.png\" title=\"Snimka ekrana 2024-08-28, 10.48.28\" alt=\"ZDSS-Home\" loading=\"lazy\" \/>\t\t\t\t\t\t\t\t<\/a>\n\t\t\t\t\t\t\t\t\t\t\t\t\t\t\t<\/div>\n\t\t\t\t<\/div>\n\t\t\t\t<div class=\"elementor-element elementor-element-0c364b5 elementor-widget elementor-widget-heading\" data-id=\"0c364b5\" data-element_type=\"widget\" data-e-type=\"widget\" data-widget_type=\"heading.default\">\n\t\t\t\t<div class=\"elementor-widget-container\">\n\t\t\t\t\t<h2 class=\"elementor-heading-title elementor-size-default\"><a href=\"https:\/\/sml-studio.org\/en\/web-platform-zdss\/\">ZDSS<\/a><\/h2>\t\t\t\t<\/div>\n\t\t\t\t<\/div>\n\t\t\t\t\t<\/div>\n\t\t\t\t<\/div>\n\t\t\t\t<\/div>\n\t\t\t\t<div data-elementor-type=\"loop-item\" data-elementor-id=\"262\" class=\"elementor elementor-262 e-loop-item e-loop-item-388 post-388 post type-post status-publish format-standard has-post-thumbnail hentry category-web_page\" data-elementor-post-type=\"elementor_library\" data-custom-edit-handle=\"1\">\n\t\t\t<div class=\"elementor-element elementor-element-af6f8ee e-flex e-con-boxed e-con e-parent\" data-id=\"af6f8ee\" data-element_type=\"container\" data-e-type=\"container\">\n\t\t\t\t\t<div class=\"e-con-inner\">\n\t\t\t\t<div class=\"elementor-element elementor-element-0fc1e49 elementor-widget__width-inherit elementor-widget elementor-widget-image\" data-id=\"0fc1e49\" data-element_type=\"widget\" data-e-type=\"widget\" data-widget_type=\"image.default\">\n\t\t\t\t<div class=\"elementor-widget-container\">\n\t\t\t\t\t\t\t\t\t\t\t\t\t\t\t\t<a href=\"https:\/\/sml-studio.org\/en\/webshop-ze360\/\">\n\t\t\t\t\t\t\t<img decoding=\"async\" src=\"https:\/\/sml-studio.org\/wp-content\/uploads\/elementor\/thumbs\/Snimka-ekrana-2024-08-28-10.49.57-qt9olj4dcouoey4c1u44yxros9h67x5csakkdbtf3s.png\" title=\"Snimka ekrana 2024-08-28, 10.49.57\" alt=\"ZE360 - home\" loading=\"lazy\" \/>\t\t\t\t\t\t\t\t<\/a>\n\t\t\t\t\t\t\t\t\t\t\t\t\t\t\t<\/div>\n\t\t\t\t<\/div>\n\t\t\t\t<div class=\"elementor-element elementor-element-0c364b5 elementor-widget elementor-widget-heading\" data-id=\"0c364b5\" data-element_type=\"widget\" data-e-type=\"widget\" data-widget_type=\"heading.default\">\n\t\t\t\t<div class=\"elementor-widget-container\">\n\t\t\t\t\t<h2 class=\"elementor-heading-title elementor-size-default\"><a href=\"https:\/\/sml-studio.org\/en\/webshop-ze360\/\">Moto - Ze360<\/a><\/h2>\t\t\t\t<\/div>\n\t\t\t\t<\/div>\n\t\t\t\t\t<\/div>\n\t\t\t\t<\/div>\n\t\t\t\t<\/div>\n\t\t\t\t<div data-elementor-type=\"loop-item\" data-elementor-id=\"262\" class=\"elementor elementor-262 e-loop-item e-loop-item-376 post-376 post type-post status-publish format-standard has-post-thumbnail hentry category-web_page\" data-elementor-post-type=\"elementor_library\" data-custom-edit-handle=\"1\">\n\t\t\t<div class=\"elementor-element elementor-element-af6f8ee e-flex e-con-boxed e-con e-parent\" data-id=\"af6f8ee\" data-element_type=\"container\" data-e-type=\"container\">\n\t\t\t\t\t<div class=\"e-con-inner\">\n\t\t\t\t<div class=\"elementor-element elementor-element-0fc1e49 elementor-widget__width-inherit elementor-widget elementor-widget-image\" data-id=\"0fc1e49\" data-element_type=\"widget\" data-e-type=\"widget\" data-widget_type=\"image.default\">\n\t\t\t\t<div class=\"elementor-widget-container\">\n\t\t\t\t\t\t\t\t\t\t\t\t\t\t\t\t<a href=\"https:\/\/sml-studio.org\/en\/website-alusolutions\/\">\n\t\t\t\t\t\t\t<img decoding=\"async\" src=\"https:\/\/sml-studio.org\/wp-content\/uploads\/elementor\/thumbs\/Snimka-ekrana-2024-08-28-10.52.53-qt9oe9t8kqwyrcnwfp5uprpjn594s2bz4d7kyekv5k.png\" title=\"Snimka ekrana 2024-08-28, 10.52.53\" alt=\"AluSolutions- home\" loading=\"lazy\" \/>\t\t\t\t\t\t\t\t<\/a>\n\t\t\t\t\t\t\t\t\t\t\t\t\t\t\t<\/div>\n\t\t\t\t<\/div>\n\t\t\t\t<div class=\"elementor-element elementor-element-0c364b5 elementor-widget elementor-widget-heading\" data-id=\"0c364b5\" data-element_type=\"widget\" data-e-type=\"widget\" data-widget_type=\"heading.default\">\n\t\t\t\t<div class=\"elementor-widget-container\">\n\t\t\t\t\t<h2 class=\"elementor-heading-title elementor-size-default\"><a href=\"https:\/\/sml-studio.org\/en\/website-alusolutions\/\">AluSolutions<\/a><\/h2>\t\t\t\t<\/div>\n\t\t\t\t<\/div>\n\t\t\t\t\t<\/div>\n\t\t\t\t<\/div>\n\t\t\t\t<\/div>\n\t\t\t\t<\/div>\n\t\t\t\t\t<span class=\"e-load-more-spinner\">\n\t\t\t\t<svg aria-hidden=\"true\" class=\"e-font-icon-svg e-fas-spinner\" viewBox=\"0 0 512 512\" xmlns=\"http:\/\/www.w3.org\/2000\/svg\"><path d=\"M304 48c0 26.51-21.49 48-48 48s-48-21.49-48-48 21.49-48 48-48 48 21.49 48 48zm-48 368c-26.51 0-48 21.49-48 48s21.49 48 48 48 48-21.49 48-48-21.49-48-48-48zm208-208c-26.51 0-48 21.49-48 48s21.49 48 48 48 48-21.49 48-48-21.49-48-48-48zM96 256c0-26.51-21.49-48-48-48S0 229.49 0 256s21.49 48 48 48 48-21.49 48-48zm12.922 99.078c-26.51 0-48 21.49-48 48s21.49 48 48 48 48-21.49 48-48c0-26.509-21.491-48-48-48zm294.156 0c-26.51 0-48 21.49-48 48s21.49 48 48 48 48-21.49 48-48c0-26.509-21.49-48-48-48zM108.922 60.922c-26.51 0-48 21.49-48 48s21.49 48 48 48 48-21.49 48-48-21.491-48-48-48z\"><\/path><\/svg>\t\t\t<\/span>\n\t\t\n\t\t\t\t<div class=\"e-load-more-anchor\" data-page=\"1\" data-max-page=\"2\" data-next-page=\"https:\/\/sml-studio.org\/wp-json\/wp\/v2\/pages\/242\/page\/2\/\"><\/div>\n\t\t\t\t<div class=\"e-load-more-message\"><\/div>\n\t\t\t\t\t\t<\/div>\n\t\t\t\t<\/div>\n\t\t\t\t\t<\/div>\n\t\t\t\t<\/div>\n\t\t\t\t<\/div>\n\t\t","protected":false},"excerpt":{"rendered":"<p>Na\u0161i projekti Z zanosom in predanostjo ustvarjamo digitalne re\u0161itve, ki so prilagojene specifi\u010dnim potrebam na\u0161ih strank. Vsak projekt, ki ga sprejmemo, je prilo\u017enost za inovacije, izbolj\u0161anje uporabni\u0161ke izku\u0161nje in ustvarjanje tehnolo\u0161kih re\u0161itev, ki so u\u010dinkovite, zanesljive in estetsko dovr\u0161ene. Od preprostih spletnih strani do kompleksnih aplikacij &#8211; vsak na\u0161 izdelek je rezultat tesnega sodelovanja z [&hellip;]<\/p>\n","protected":false},"author":1,"featured_media":0,"parent":0,"menu_order":0,"comment_status":"closed","ping_status":"closed","template":"","meta":{"_acf_changed":false,"footnotes":""},"class_list":["post-242","page","type-page","status-publish","hentry"],"acf":[],"_links":{"self":[{"href":"https:\/\/sml-studio.org\/en\/wp-json\/wp\/v2\/pages\/242","targetHints":{"allow":["GET"]}}],"collection":[{"href":"https:\/\/sml-studio.org\/en\/wp-json\/wp\/v2\/pages"}],"about":[{"href":"https:\/\/sml-studio.org\/en\/wp-json\/wp\/v2\/types\/page"}],"author":[{"embeddable":true,"href":"https:\/\/sml-studio.org\/en\/wp-json\/wp\/v2\/users\/1"}],"replies":[{"embeddable":true,"href":"https:\/\/sml-studio.org\/en\/wp-json\/wp\/v2\/comments?post=242"}],"version-history":[{"count":34,"href":"https:\/\/sml-studio.org\/en\/wp-json\/wp\/v2\/pages\/242\/revisions"}],"predecessor-version":[{"id":944,"href":"https:\/\/sml-studio.org\/en\/wp-json\/wp\/v2\/pages\/242\/revisions\/944"}],"wp:attachment":[{"href":"https:\/\/sml-studio.org\/en\/wp-json\/wp\/v2\/media?parent=242"}],"curies":[{"name":"wp","href":"https:\/\/api.w.org\/{rel}","templated":true}]}}